{"id":408,"date":"2022-02-01T22:34:34","date_gmt":"2022-02-01T22:34:34","guid":{"rendered":"https:\/\/www.druksystem.pl\/?page_id=408"},"modified":"2022-02-15T21:55:00","modified_gmt":"2022-02-15T21:55:00","slug":"drukarki","status":"publish","type":"page","link":"https:\/\/www.druksystem.pl\/?page_id=408","title":{"rendered":"Drukarki"},"content":{"rendered":"\t\t<div data-elementor-type=\"wp-page\" data-elementor-id=\"408\" class=\"elementor elementor-408\" data-elementor-settings=\"[]\">\n\t\t\t\t\t\t\t<div class=\"elementor-section-wrap\">\n\t\t\t\t\t\t\t<section class=\"elementor-section elementor-top-section elementor-element elementor-element-5b7c6e7 elementor-section-full_width elementor-section-stretched elementor-section-height-default elementor-section-height-default\" data-id=\"5b7c6e7\" data-element_type=\"section\" data-settings=\"{&quot;stretch_section&quot;:&quot;section-stretched&quot;,&quot;background_background&quot;:&quot;classic&quot;,&quot;_ha_eqh_enable&quot;:false}\">\n\t\t\t\t\t\t<div class=\"elementor-container elementor-column-gap-default\">\n\t\t\t\t\t<div class=\"elementor-column elementor-col-100 elementor-top-column elementor-element elementor-element-b3f0444\" data-id=\"b3f0444\" data-element_type=\"column\">\n\t\t\t<div class=\"elementor-widget-wrap elementor-element-populated\">\n\t\t\t\t\t\t\t\t<section class=\"elementor-section elementor-inner-section elementor-element elementor-element-c3806c0 elementor-section-full_width elementor-section-height-default elementor-section-height-default\" data-id=\"c3806c0\" data-element_type=\"section\" data-settings=\"{&quot;_ha_eqh_enable&quot;:false}\">\n\t\t\t\t\t\t<div class=\"elementor-container elementor-column-gap-default\">\n\t\t\t\t\t<div class=\"elementor-column elementor-col-100 elementor-inner-column elementor-element elementor-element-5da76fd\" data-id=\"5da76fd\" data-element_type=\"column\">\n\t\t\t<div class=\"elementor-widget-wrap elementor-element-populated\">\n\t\t\t\t\t\t\t\t<div class=\"elementor-element elementor-element-b5caca5 elementor-widget elementor-widget-image\" data-id=\"b5caca5\" data-element_type=\"widget\" data-widget_type=\"image.default\">\n\t\t\t\t<div class=\"elementor-widget-container\">\n\t\t\t<style>\/*! elementor - v3.5.5 - 03-02-2022 *\/\n.elementor-widget-image{text-align:center}.elementor-widget-image a{display:inline-block}.elementor-widget-image a img[src$=\".svg\"]{width:48px}.elementor-widget-image img{vertical-align:middle;display:inline-block}<\/style>\t\t\t\t\t\t\t\t\t\t\t\t<img width=\"1250\" height=\"500\" src=\"https:\/\/www.druksystem.pl\/wp-content\/uploads\/2022\/02\/drukarki_image.jpg\" class=\"attachment-full size-full\" alt=\"drukarki_image\" loading=\"lazy\" srcset=\"https:\/\/www.druksystem.pl\/wp-content\/uploads\/2022\/02\/drukarki_image.jpg 1250w, https:\/\/www.druksystem.pl\/wp-content\/uploads\/2022\/02\/drukarki_image-300x120.jpg 300w, https:\/\/www.druksystem.pl\/wp-content\/uploads\/2022\/02\/drukarki_image-1024x410.jpg 1024w, https:\/\/www.druksystem.pl\/wp-content\/uploads\/2022\/02\/drukarki_image-768x307.jpg 768w\" sizes=\"(max-width: 1250px) 100vw, 1250px\" \/>\t\t\t\t\t\t\t\t\t\t\t\t\t\t\t<\/div>\n\t\t\t\t<\/div>\n\t\t\t\t\t<\/div>\n\t\t<\/div>\n\t\t\t\t\t\t\t<\/div>\n\t\t<\/section>\n\t\t\t\t\t<\/div>\n\t\t<\/div>\n\t\t\t\t\t\t\t<\/div>\n\t\t<\/section>\n\t\t\t\t<section class=\"elementor-section elementor-top-section elementor-element elementor-element-cd2c040 elementor-section-stretched elementor-section-boxed elementor-section-height-default elementor-section-height-default\" data-id=\"cd2c040\" data-element_type=\"section\" data-settings=\"{&quot;stretch_section&quot;:&quot;section-stretched&quot;,&quot;background_background&quot;:&quot;classic&quot;,&quot;_ha_eqh_enable&quot;:false}\">\n\t\t\t\t\t\t<div class=\"elementor-container elementor-column-gap-default\">\n\t\t\t\t\t<div class=\"elementor-column elementor-col-100 elementor-top-column elementor-element elementor-element-10a0255\" data-id=\"10a0255\" data-element_type=\"column\">\n\t\t\t<div class=\"elementor-widget-wrap elementor-element-populated\">\n\t\t\t\t\t\t\t\t<div class=\"elementor-element elementor-element-96df99b elementor-widget elementor-widget-heading\" data-id=\"96df99b\" data-element_type=\"widget\" id=\"new_devices\" data-widget_type=\"heading.default\">\n\t\t\t\t<div class=\"elementor-widget-container\">\n\t\t\t<style>\/*! elementor - v3.5.5 - 03-02-2022 *\/\n.elementor-heading-title{padding:0;margin:0;line-height:1}.elementor-widget-heading .elementor-heading-title[class*=elementor-size-]>a{color:inherit;font-size:inherit;line-height:inherit}.elementor-widget-heading .elementor-heading-title.elementor-size-small{font-size:15px}.elementor-widget-heading .elementor-heading-title.elementor-size-medium{font-size:19px}.elementor-widget-heading .elementor-heading-title.elementor-size-large{font-size:29px}.elementor-widget-heading .elementor-heading-title.elementor-size-xl{font-size:39px}.elementor-widget-heading .elementor-heading-title.elementor-size-xxl{font-size:59px}<\/style><h2 class=\"elementor-heading-title elementor-size-default\">Nowe Urz\u0105dzenia<\/h2>\t\t<\/div>\n\t\t\t\t<\/div>\n\t\t\t\t<div class=\"elementor-element elementor-element-7435727 elementor-widget elementor-widget-text-editor\" data-id=\"7435727\" data-element_type=\"widget\" data-widget_type=\"text-editor.default\">\n\t\t\t\t<div class=\"elementor-widget-container\">\n\t\t\t<style>\/*! elementor - v3.5.5 - 03-02-2022 *\/\n.elementor-widget-text-editor.elementor-drop-cap-view-stacked .elementor-drop-cap{background-color:#818a91;color:#fff}.elementor-widget-text-editor.elementor-drop-cap-view-framed .elementor-drop-cap{color:#818a91;border:3px solid;background-color:transparent}.elementor-widget-text-editor:not(.elementor-drop-cap-view-default) .elementor-drop-cap{margin-top:8px}.elementor-widget-text-editor:not(.elementor-drop-cap-view-default) .elementor-drop-cap-letter{width:1em;height:1em}.elementor-widget-text-editor .elementor-drop-cap{float:left;text-align:center;line-height:1;font-size:50px}.elementor-widget-text-editor .elementor-drop-cap-letter{display:inline-block}<\/style>\t\t\t\t<p>Na \u017cyczenie klient\u00f3w jeste\u015bmy w stanie dostarczy\u0107 w bardzo kr\u00f3tkim czasie dowoln\u0105 drukarke dost\u0105pn\u0105 na polskim rynku.<\/p>\t\t\t\t\t\t<\/div>\n\t\t\t\t<\/div>\n\t\t\t\t<section class=\"elementor-section elementor-inner-section elementor-element elementor-element-0bbc3f3 elementor-section-boxed elementor-section-height-default elementor-section-height-default\" data-id=\"0bbc3f3\" data-element_type=\"section\" data-settings=\"{&quot;_ha_eqh_enable&quot;:false}\">\n\t\t\t\t\t\t<div class=\"elementor-container elementor-column-gap-default\">\n\t\t\t\t\t<div class=\"elementor-column elementor-col-100 elementor-inner-column elementor-element elementor-element-25ed971\" data-id=\"25ed971\" data-element_type=\"column\">\n\t\t\t<div class=\"elementor-widget-wrap elementor-element-populated\">\n\t\t\t\t\t\t\t\t<div class=\"elementor-element elementor-element-8866083 elementor-widget elementor-widget-heading\" data-id=\"8866083\" data-element_type=\"widget\" id=\"not_new_devices\" data-widget_type=\"heading.default\">\n\t\t\t\t<div class=\"elementor-widget-container\">\n\t\t\t<h2 class=\"elementor-heading-title elementor-size-default\">Urz\u0105dzenia poleasingowe<\/h2>\t\t<\/div>\n\t\t\t\t<\/div>\n\t\t\t\t<div class=\"elementor-element elementor-element-eaaded5 elementor-widget elementor-widget-text-editor\" data-id=\"eaaded5\" data-element_type=\"widget\" data-widget_type=\"text-editor.default\">\n\t\t\t\t<div class=\"elementor-widget-container\">\n\t\t\t\t\t\t\t<p>Jest to dobra alternatywa do nowych urz\u0105dze\u0144, kt\u00f3re nie nale\u017c\u0105 do najta\u0144szych. Aby unikn\u0105\u0107 du\u017cego wydatku zwi\u0105zanego z zakupem maszyny mo\u017cna zakupi\u0107 sprawne urz\u0105dzenie u\u017cywane, r\u00f3wnie\u017c zapewniaj\u0105ce wysoki komfort u\u017cytkowania.<\/p><p>Oferowane przez nas urz\u0105dzenia poleasingowe s\u0105 zawsze w\u00a0<strong>pe\u0142ni sprawne<\/strong>, serwisowane przed sprzeda\u017c\u0105 i obj\u0119te przez nas <b>12 miesi\u0119czn\u0105 gwarancj\u0105<\/b>.<\/p>\t\t\t\t\t\t<\/div>\n\t\t\t\t<\/div>\n\t\t\t\t\t<\/div>\n\t\t<\/div>\n\t\t\t\t\t\t\t<\/div>\n\t\t<\/section>\n\t\t\t\t\t<\/div>\n\t\t<\/div>\n\t\t\t\t\t\t\t<\/div>\n\t\t<\/section>\n\t\t\t\t<section class=\"elementor-section elementor-top-section elementor-element elementor-element-36ce934 elementor-section-stretched elementor-section-boxed elementor-section-height-default elementor-section-height-default\" data-id=\"36ce934\" data-element_type=\"section\" data-settings=\"{&quot;stretch_section&quot;:&quot;section-stretched&quot;,&quot;background_background&quot;:&quot;classic&quot;,&quot;_ha_eqh_enable&quot;:false}\">\n\t\t\t\t\t\t<div class=\"elementor-container elementor-column-gap-default\">\n\t\t\t\t\t<div class=\"elementor-column elementor-col-100 elementor-top-column elementor-element elementor-element-d72ef2e\" data-id=\"d72ef2e\" data-element_type=\"column\">\n\t\t\t<div class=\"elementor-widget-wrap elementor-element-populated\">\n\t\t\t\t\t\t\t\t<div class=\"elementor-element elementor-element-5b13979 elementor-widget elementor-widget-heading\" data-id=\"5b13979\" data-element_type=\"widget\" data-widget_type=\"heading.default\">\n\t\t\t\t<div class=\"elementor-widget-container\">\n\t\t\t<h2 class=\"elementor-heading-title elementor-size-default\">Masz pytania?<\/h2>\t\t<\/div>\n\t\t\t\t<\/div>\n\t\t\t\t<div class=\"elementor-element elementor-element-e739921 elementor-widget elementor-widget-premium-contact-form\" data-id=\"e739921\" data-element_type=\"widget\" data-widget_type=\"premium-contact-form.default\">\n\t\t\t\t<div class=\"elementor-widget-container\">\n\t\t\t\r\n\t\t\t<div class=\"premium-cf7-container\">\r\n\t\t\t\t<div role=\"form\" class=\"wpcf7\" id=\"wpcf7-f343-o1\" lang=\"pl-PL\" dir=\"ltr\">\n<div class=\"screen-reader-response\"><p role=\"status\" aria-live=\"polite\" aria-atomic=\"true\"><\/p> <ul><\/ul><\/div>\n<form action=\"\/index.php?rest_route=%2Fwp%2Fv2%2Fpages%2F408#wpcf7-f343-o1\" method=\"post\" class=\"wpcf7-form init\" novalidate=\"novalidate\" data-status=\"init\">\n<div style=\"display: none;\">\n<input type=\"hidden\" name=\"_wpcf7\" value=\"343\" \/>\n<input type=\"hidden\" name=\"_wpcf7_version\" value=\"5.5.4\" \/>\n<input type=\"hidden\" name=\"_wpcf7_locale\" value=\"pl_PL\" \/>\n<input type=\"hidden\" name=\"_wpcf7_unit_tag\" value=\"wpcf7-f343-o1\" \/>\n<input type=\"hidden\" name=\"_wpcf7_container_post\" value=\"0\" \/>\n<input type=\"hidden\" name=\"_wpcf7_posted_data_hash\" value=\"\" \/>\n<\/div>\n<div class=\"main-form\">\n<div class=\"main-form_header\">\n      Skontaktuj si\u0119 z nami\n    <\/div>\n<div class=\"main-form_group\">\n<div class=\"main-form_item mr-1\">\n        <span class=\"wpcf7-form-control-wrap your-name\"><input type=\"text\" name=\"your-name\" value=\"\" size=\"40\" class=\"wpcf7-form-control wpcf7-text\" aria-invalid=\"false\" placeholder=\"Imie i Nazwisko\" \/><\/span>\n      <\/div>\n<div class=\"main-form_item mr-1\">\n        <span class=\"wpcf7-form-control-wrap phone\"><input type=\"tel\" name=\"phone\" value=\"\" size=\"40\" class=\"wpcf7-form-control wpcf7-text wpcf7-tel wpcf7-validates-as-required wpcf7-validates-as-tel\" aria-required=\"true\" aria-invalid=\"false\" placeholder=\"Numer telefonu\" \/><\/span>\n      <\/div>\n<div class=\"main-form_item\">\n       <span class=\"wpcf7-form-control-wrap email\"><input type=\"email\" name=\"email\" value=\"\" size=\"40\" class=\"wpcf7-form-control wpcf7-text wpcf7-email wpcf7-validates-as-required wpcf7-validates-as-email\" aria-required=\"true\" aria-invalid=\"false\" placeholder=\"Email\" \/><\/span>\n      <\/div>\n<\/div>\n<div class=\"main-form_item\">\n      <span class=\"wpcf7-form-control-wrap textarea\"><textarea name=\"textarea\" cols=\"40\" rows=\"10\" class=\"wpcf7-form-control wpcf7-textarea wpcf7-validates-as-required\" aria-required=\"true\" aria-invalid=\"false\" placeholder=\"Twoja wiadomo\u015b\u0107...\"><\/textarea><\/span>\n    <\/div >\n<div class=\"main-form_button\">\n      <input type=\"submit\" value=\"Wy\u015blij\" class=\"wpcf7-form-control has-spinner wpcf7-submit\" \/>\n    <\/div>\n<\/div>\n<div class=\"wpcf7-response-output\" aria-hidden=\"true\"><\/div><\/form><\/div>\t\t\t<\/div>\r\n\r\n\t\t\t\t\t<\/div>\n\t\t\t\t<\/div>\n\t\t\t\t\t<\/div>\n\t\t<\/div>\n\t\t\t\t\t\t\t<\/div>\n\t\t<\/section>\n\t\t\t\t\t\t<\/div>\n\t\t\t\t\t<\/div>\n\t\t","protected":false},"excerpt":{"rendered":"<p>Nowe Urz\u0105dzenia Na \u017cyczenie klient\u00f3w jeste\u015bmy w stanie dostarczy\u0107 w bardzo kr\u00f3tkim czasie dowoln\u0105 drukarke dost\u0105pn\u0105 na polskim rynku. Urz\u0105dzenia poleasingowe Jest to dobra alternatywa do nowych urz\u0105dze\u0144, kt\u00f3re nie nale\u017c\u0105 do najta\u0144szych. Aby unikn\u0105\u0107 du\u017cego wydatku zwi\u0105zanego z zakupem maszyny mo\u017cna zakupi\u0107 sprawne urz\u0105dzenie u\u017cywane, r\u00f3wnie\u017c zapewniaj\u0105ce wysoki komfort u\u017cytkowania. Oferowane przez nas urz\u0105dzenia &hellip;<\/p>\n<p class=\"read-more\"> <a class=\"\" href=\"https:\/\/www.druksystem.pl\/?page_id=408\"> <span class=\"screen-reader-text\">Drukarki<\/span> Read More &raquo;<\/a><\/p>\n","protected":false},"author":1,"featured_media":0,"parent":0,"menu_order":0,"comment_status":"closed","ping_status":"closed","template":"","meta":{"site-sidebar-layout":"no-sidebar","site-content-layout":"plain-container","ast-main-header-display":"","ast-hfb-above-header-display":"","ast-hfb-below-header-display":"","ast-hfb-mobile-header-display":"","site-post-title":"disabled","ast-breadcrumbs-content":"","ast-featured-img":"disabled","footer-sml-layout":"","theme-transparent-header-meta":"","adv-header-id-meta":"","stick-header-meta":"","header-above-stick-meta":"","header-main-stick-meta":"","header-below-stick-meta":""},"yoast_head":"<!-- This site is optimized with the Yoast SEO plugin v18.0 - https:\/\/yoast.com\/wordpress\/plugins\/seo\/ -->\n<title>Drukarki - DrukSystem<\/title>\n<meta name=\"description\" content=\"Nasze elastyczne systemy urz\u0105dze\u0144 wielofunkcyjnych o r\u00f3\u017cnych pr\u0119dko\u015bciach drukowania pasuj\u0105 do biur ka\u017cdej wielko\u015bci.\" \/>\n<meta name=\"robots\" content=\"index, follow, max-snippet:-1, max-image-preview:large, max-video-preview:-1\" \/>\n<link rel=\"canonical\" href=\"https:\/\/www.druksystem.pl\/?page_id=408\" \/>\n<meta property=\"og:locale\" content=\"pl_PL\" \/>\n<meta property=\"og:type\" content=\"article\" \/>\n<meta property=\"og:title\" content=\"Drukarki - DrukSystem\" \/>\n<meta property=\"og:description\" content=\"Nasze elastyczne systemy urz\u0105dze\u0144 wielofunkcyjnych o r\u00f3\u017cnych pr\u0119dko\u015bciach drukowania pasuj\u0105 do biur ka\u017cdej wielko\u015bci.\" \/>\n<meta property=\"og:url\" content=\"https:\/\/www.druksystem.pl\/?page_id=408\" \/>\n<meta property=\"og:site_name\" content=\"DrukSystem\" \/>\n<meta property=\"article:modified_time\" content=\"2022-02-15T21:55:00+00:00\" \/>\n<meta property=\"og:image\" content=\"http:\/\/www.druksystem.pl\/wp-content\/uploads\/2022\/02\/drukarki_image.jpg\" \/>\n<meta name=\"twitter:card\" content=\"summary_large_image\" \/>\n<meta name=\"twitter:label1\" content=\"Szacowany czas czytania\" \/>\n\t<meta name=\"twitter:data1\" content=\"1 minuta\" \/>\n<script type=\"application\/ld+json\" class=\"yoast-schema-graph\">{\"@context\":\"https:\/\/schema.org\",\"@graph\":[{\"@type\":\"WebSite\",\"@id\":\"https:\/\/www.druksystem.pl\/#website\",\"url\":\"https:\/\/www.druksystem.pl\/\",\"name\":\"DrukSystem\",\"description\":\"Serwis i sprzedarz drukarek w Krakowie\",\"potentialAction\":[{\"@type\":\"SearchAction\",\"target\":{\"@type\":\"EntryPoint\",\"urlTemplate\":\"https:\/\/www.druksystem.pl\/?s={search_term_string}\"},\"query-input\":\"required name=search_term_string\"}],\"inLanguage\":\"pl-PL\"},{\"@type\":\"ImageObject\",\"@id\":\"https:\/\/www.druksystem.pl\/?page_id=408#primaryimage\",\"inLanguage\":\"pl-PL\",\"url\":\"http:\/\/www.druksystem.pl\/wp-content\/uploads\/2022\/02\/drukarki_image.jpg\",\"contentUrl\":\"http:\/\/www.druksystem.pl\/wp-content\/uploads\/2022\/02\/drukarki_image.jpg\"},{\"@type\":\"WebPage\",\"@id\":\"https:\/\/www.druksystem.pl\/?page_id=408#webpage\",\"url\":\"https:\/\/www.druksystem.pl\/?page_id=408\",\"name\":\"Drukarki - DrukSystem\",\"isPartOf\":{\"@id\":\"https:\/\/www.druksystem.pl\/#website\"},\"primaryImageOfPage\":{\"@id\":\"https:\/\/www.druksystem.pl\/?page_id=408#primaryimage\"},\"datePublished\":\"2022-02-01T22:34:34+00:00\",\"dateModified\":\"2022-02-15T21:55:00+00:00\",\"description\":\"Nasze elastyczne systemy urz\u0105dze\u0144 wielofunkcyjnych o r\u00f3\u017cnych pr\u0119dko\u015bciach drukowania pasuj\u0105 do biur ka\u017cdej wielko\u015bci.\",\"breadcrumb\":{\"@id\":\"https:\/\/www.druksystem.pl\/?page_id=408#breadcrumb\"},\"inLanguage\":\"pl-PL\",\"potentialAction\":[{\"@type\":\"ReadAction\",\"target\":[\"https:\/\/www.druksystem.pl\/?page_id=408\"]}]},{\"@type\":\"BreadcrumbList\",\"@id\":\"https:\/\/www.druksystem.pl\/?page_id=408#breadcrumb\",\"itemListElement\":[{\"@type\":\"ListItem\",\"position\":1,\"name\":\"Strona g\u0142\u00f3wna\",\"item\":\"https:\/\/www.druksystem.pl\/\"},{\"@type\":\"ListItem\",\"position\":2,\"name\":\"Drukarki\"}]}]}<\/script>\n<!-- \/ Yoast SEO plugin. -->","yoast_head_json":{"title":"Drukarki - DrukSystem","description":"Nasze elastyczne systemy urz\u0105dze\u0144 wielofunkcyjnych o r\u00f3\u017cnych pr\u0119dko\u015bciach drukowania pasuj\u0105 do biur ka\u017cdej wielko\u015bci.","robots":{"index":"index","follow":"follow","max-snippet":"max-snippet:-1","max-image-preview":"max-image-preview:large","max-video-preview":"max-video-preview:-1"},"canonical":"https:\/\/www.druksystem.pl\/?page_id=408","og_locale":"pl_PL","og_type":"article","og_title":"Drukarki - DrukSystem","og_description":"Nasze elastyczne systemy urz\u0105dze\u0144 wielofunkcyjnych o r\u00f3\u017cnych pr\u0119dko\u015bciach drukowania pasuj\u0105 do biur ka\u017cdej wielko\u015bci.","og_url":"https:\/\/www.druksystem.pl\/?page_id=408","og_site_name":"DrukSystem","article_modified_time":"2022-02-15T21:55:00+00:00","og_image":[{"url":"http:\/\/www.druksystem.pl\/wp-content\/uploads\/2022\/02\/drukarki_image.jpg"}],"twitter_card":"summary_large_image","twitter_misc":{"Szacowany czas czytania":"1 minuta"},"schema":{"@context":"https:\/\/schema.org","@graph":[{"@type":"WebSite","@id":"https:\/\/www.druksystem.pl\/#website","url":"https:\/\/www.druksystem.pl\/","name":"DrukSystem","description":"Serwis i sprzedarz drukarek w Krakowie","potentialAction":[{"@type":"SearchAction","target":{"@type":"EntryPoint","urlTemplate":"https:\/\/www.druksystem.pl\/?s={search_term_string}"},"query-input":"required name=search_term_string"}],"inLanguage":"pl-PL"},{"@type":"ImageObject","@id":"https:\/\/www.druksystem.pl\/?page_id=408#primaryimage","inLanguage":"pl-PL","url":"http:\/\/www.druksystem.pl\/wp-content\/uploads\/2022\/02\/drukarki_image.jpg","contentUrl":"http:\/\/www.druksystem.pl\/wp-content\/uploads\/2022\/02\/drukarki_image.jpg"},{"@type":"WebPage","@id":"https:\/\/www.druksystem.pl\/?page_id=408#webpage","url":"https:\/\/www.druksystem.pl\/?page_id=408","name":"Drukarki - DrukSystem","isPartOf":{"@id":"https:\/\/www.druksystem.pl\/#website"},"primaryImageOfPage":{"@id":"https:\/\/www.druksystem.pl\/?page_id=408#primaryimage"},"datePublished":"2022-02-01T22:34:34+00:00","dateModified":"2022-02-15T21:55:00+00:00","description":"Nasze elastyczne systemy urz\u0105dze\u0144 wielofunkcyjnych o r\u00f3\u017cnych pr\u0119dko\u015bciach drukowania pasuj\u0105 do biur ka\u017cdej wielko\u015bci.","breadcrumb":{"@id":"https:\/\/www.druksystem.pl\/?page_id=408#breadcrumb"},"inLanguage":"pl-PL","potentialAction":[{"@type":"ReadAction","target":["https:\/\/www.druksystem.pl\/?page_id=408"]}]},{"@type":"BreadcrumbList","@id":"https:\/\/www.druksystem.pl\/?page_id=408#breadcrumb","itemListElement":[{"@type":"ListItem","position":1,"name":"Strona g\u0142\u00f3wna","item":"https:\/\/www.druksystem.pl\/"},{"@type":"ListItem","position":2,"name":"Drukarki"}]}]}},"_links":{"self":[{"href":"https:\/\/www.druksystem.pl\/index.php?rest_route=\/wp\/v2\/pages\/408"}],"collection":[{"href":"https:\/\/www.druksystem.pl\/index.php?rest_route=\/wp\/v2\/pages"}],"about":[{"href":"https:\/\/www.druksystem.pl\/index.php?rest_route=\/wp\/v2\/types\/page"}],"author":[{"embeddable":true,"href":"https:\/\/www.druksystem.pl\/index.php?rest_route=\/wp\/v2\/users\/1"}],"replies":[{"embeddable":true,"href":"https:\/\/www.druksystem.pl\/index.php?rest_route=%2Fwp%2Fv2%2Fcomments&post=408"}],"version-history":[{"count":44,"href":"https:\/\/www.druksystem.pl\/index.php?rest_route=\/wp\/v2\/pages\/408\/revisions"}],"predecessor-version":[{"id":843,"href":"https:\/\/www.druksystem.pl\/index.php?rest_route=\/wp\/v2\/pages\/408\/revisions\/843"}],"wp:attachment":[{"href":"https:\/\/www.druksystem.pl\/index.php?rest_route=%2Fwp%2Fv2%2Fmedia&parent=408"}],"curies":[{"name":"wp","href":"https:\/\/api.w.org\/{rel}","templated":true}]}}